{"id":938,"date":"2025-06-09T12:26:01","date_gmt":"2025-06-09T15:26:01","guid":{"rendered":"https:\/\/heybez.com.ar\/recetas\/?page_id=938"},"modified":"2025-06-09T12:28:49","modified_gmt":"2025-06-09T15:28:49","slug":"blog","status":"publish","type":"page","link":"https:\/\/heybez.com.ar\/recetas\/index.php\/blog\/","title":{"rendered":"Blog"},"content":{"rendered":"\t\t<div data-elementor-type=\"wp-page\" data-elementor-id=\"938\" class=\"elementor elementor-938\" data-elementor-post-type=\"page\">\n\t\t\t\t<div class=\"elementor-element elementor-element-a90efe1 e-flex e-con-boxed e-con e-parent\" data-id=\"a90efe1\" data-element_type=\"container\" data-e-type=\"container\">\n\t\t\t\t\t<div class=\"e-con-inner\">\n\t\t\t\t<div class=\"elementor-element elementor-element-4ccb2f4 elementor-widget elementor-widget-spacer\" data-id=\"4ccb2f4\" data-element_type=\"widget\" data-e-type=\"widget\" data-widget_type=\"spacer.default\">\n\t\t\t\t<div class=\"elementor-widget-container\">\n\t\t\t\t\t\t\t<div class=\"elementor-spacer\">\n\t\t\t<div class=\"elementor-spacer-inner\"><\/div>\n\t\t<\/div>\n\t\t\t\t\t\t<\/div>\n\t\t\t\t<\/div>\n\t\t\t\t<div class=\"elementor-element elementor-element-96a6917 elementor-widget elementor-widget-heading\" data-id=\"96a6917\" data-element_type=\"widget\" data-e-type=\"widget\" data-widget_type=\"heading.default\">\n\t\t\t\t<div class=\"elementor-widget-container\">\n\t\t\t\t\t<h2 class=\"elementor-heading-title elementor-size-default\">Blog<\/h2>\t\t\t\t<\/div>\n\t\t\t\t<\/div>\n\t\t\t\t\t<\/div>\n\t\t\t\t<\/div>\n\t\t<div class=\"elementor-element elementor-element-725d8a3 e-flex e-con-boxed e-con e-parent\" data-id=\"725d8a3\" data-element_type=\"container\" data-e-type=\"container\">\n\t\t\t\t\t<div class=\"e-con-inner\">\n\t\t\t\t<div class=\"elementor-element elementor-element-ab5c46f elementor-grid-3 elementor-grid-tablet-2 elementor-grid-mobile-1 elementor-posts--thumbnail-top elementor-posts--show-avatar elementor-card-shadow-yes elementor-posts__hover-gradient elementor-widget elementor-widget-posts\" data-id=\"ab5c46f\" data-element_type=\"widget\" data-e-type=\"widget\" data-settings=\"{&quot;cards_columns&quot;:&quot;3&quot;,&quot;cards_columns_tablet&quot;:&quot;2&quot;,&quot;cards_columns_mobile&quot;:&quot;1&quot;,&quot;cards_row_gap&quot;:{&quot;unit&quot;:&quot;px&quot;,&quot;size&quot;:35,&quot;sizes&quot;:[]},&quot;cards_row_gap_tablet&quot;:{&quot;unit&quot;:&quot;px&quot;,&quot;size&quot;:&quot;&quot;,&quot;sizes&quot;:[]},&quot;cards_row_gap_mobile&quot;:{&quot;unit&quot;:&quot;px&quot;,&quot;size&quot;:&quot;&quot;,&quot;sizes&quot;:[]}}\" data-widget_type=\"posts.cards\">\n\t\t\t\t<div class=\"elementor-widget-container\">\n\t\t\t\t\t\t\t<div class=\"elementor-posts-container elementor-posts elementor-posts--skin-cards elementor-grid\" role=\"list\">\n\t\t\t\t<article class=\"elementor-post elementor-grid-item post-1890 post type-post status-publish format-standard has-post-thumbnail hentry category-degustaporelmundo category-influbezers\" role=\"listitem\">\n\t\t\t<div class=\"elementor-post__card\">\n\t\t\t\t<a class=\"elementor-post__thumbnail__link\" href=\"https:\/\/heybez.com.ar\/recetas\/index.php\/2025\/09\/25\/gustavo-de-battista-degustaporelmundo\/\" tabindex=\"-1\" ><div class=\"elementor-post__thumbnail\"><img fetchpriority=\"high\" decoding=\"async\" width=\"300\" height=\"200\" src=\"https:\/\/heybez.com.ar\/recetas\/wp-content\/uploads\/2025\/09\/degusta-300x200.png\" class=\"attachment-medium size-medium wp-image-1897\" alt=\"\" srcset=\"https:\/\/heybez.com.ar\/recetas\/wp-content\/uploads\/2025\/09\/degusta-300x200.png 300w, https:\/\/heybez.com.ar\/recetas\/wp-content\/uploads\/2025\/09\/degusta.png 600w\" sizes=\"(max-width: 300px) 100vw, 300px\" \/><\/div><\/a>\n\t\t\t\t<div class=\"elementor-post__badge\">degustaporelmundo<\/div>\n\t\t\t\t<div class=\"elementor-post__avatar\">\n\t\t\t<img alt='Heybez' src='https:\/\/secure.gravatar.com\/avatar\/ef98ee43d9cabcd17a6f383fe4fcb495f441162049144205e8b3ebd45693cde8?s=128&#038;d=mm&#038;r=g' srcset='https:\/\/secure.gravatar.com\/avatar\/ef98ee43d9cabcd17a6f383fe4fcb495f441162049144205e8b3ebd45693cde8?s=256&#038;d=mm&#038;r=g 2x' class='avatar avatar-128 photo' height='128' width='128' \/>\t\t<\/div>\n\t\t\t\t<div class=\"elementor-post__text\">\n\t\t\t\t<h3 class=\"elementor-post__title\">\n\t\t\t<a href=\"https:\/\/heybez.com.ar\/recetas\/index.php\/2025\/09\/25\/gustavo-de-battista-degustaporelmundo\/\" >\n\t\t\t\tGustavo De\u202fBattista &#8211; DegustaPorElMundo\t\t\t<\/a>\n\t\t<\/h3>\n\t\t\t\t<div class=\"elementor-post__excerpt\">\n\t\t\t<p>Chef y explorador gastron\u00f3mico, lleva su pasi\u00f3n m\u00e1s all\u00e1 de los fogones con una misi\u00f3n clara: fusionar cocina, viajes e historias para invitar a su<\/p>\n\t\t<\/div>\n\t\t\n\t\t<a class=\"elementor-post__read-more\" href=\"https:\/\/heybez.com.ar\/recetas\/index.php\/2025\/09\/25\/gustavo-de-battista-degustaporelmundo\/\" aria-label=\"Read more about Gustavo De\u202fBattista &#8211; DegustaPorElMundo\" tabindex=\"-1\" >\n\t\t\tRead More \u00bb\t\t<\/a>\n\n\t\t\t\t<\/div>\n\t\t\t\t<div class=\"elementor-post__meta-data\">\n\t\t\t\t\t<span class=\"elementor-post-date\">\n\t\t\t25 septiembre, 2025\t\t<\/span>\n\t\t\t\t<span class=\"elementor-post-avatar\">\n\t\t\tNo hay comentarios\t\t<\/span>\n\t\t\t\t<\/div>\n\t\t\t\t\t<\/div>\n\t\t<\/article>\n\t\t\t\t<article class=\"elementor-post elementor-grid-item post-1614 post type-post status-publish format-standard has-post-thumbnail hentry category-influbezers category-julietabuscanutricion\" role=\"listitem\">\n\t\t\t<div class=\"elementor-post__card\">\n\t\t\t\t<a class=\"elementor-post__thumbnail__link\" href=\"https:\/\/heybez.com.ar\/recetas\/index.php\/2025\/09\/25\/julieta-busca-julietabuscanutricion\/\" tabindex=\"-1\" ><div class=\"elementor-post__thumbnail\"><img decoding=\"async\" width=\"300\" height=\"200\" src=\"https:\/\/heybez.com.ar\/recetas\/wp-content\/uploads\/2025\/09\/portadas-blog-influs_julieta-nutrricion-1-300x200.png\" class=\"attachment-medium size-medium wp-image-1883\" alt=\"\" srcset=\"https:\/\/heybez.com.ar\/recetas\/wp-content\/uploads\/2025\/09\/portadas-blog-influs_julieta-nutrricion-1-300x200.png 300w, https:\/\/heybez.com.ar\/recetas\/wp-content\/uploads\/2025\/09\/portadas-blog-influs_julieta-nutrricion-1.png 600w\" sizes=\"(max-width: 300px) 100vw, 300px\" \/><\/div><\/a>\n\t\t\t\t<div class=\"elementor-post__badge\">Influbezers<\/div>\n\t\t\t\t<div class=\"elementor-post__avatar\">\n\t\t\t<img alt='Heybez' src='https:\/\/secure.gravatar.com\/avatar\/ef98ee43d9cabcd17a6f383fe4fcb495f441162049144205e8b3ebd45693cde8?s=128&#038;d=mm&#038;r=g' srcset='https:\/\/secure.gravatar.com\/avatar\/ef98ee43d9cabcd17a6f383fe4fcb495f441162049144205e8b3ebd45693cde8?s=256&#038;d=mm&#038;r=g 2x' class='avatar avatar-128 photo' height='128' width='128' \/>\t\t<\/div>\n\t\t\t\t<div class=\"elementor-post__text\">\n\t\t\t\t<h3 class=\"elementor-post__title\">\n\t\t\t<a href=\"https:\/\/heybez.com.ar\/recetas\/index.php\/2025\/09\/25\/julieta-busca-julietabuscanutricion\/\" >\n\t\t\t\tJulieta Busca &#8211;\u00a0 JulietaBuscaNutricion\t\t\t<\/a>\n\t\t<\/h3>\n\t\t\t\t<div class=\"elementor-post__excerpt\">\n\t\t\t<p>Con una s\u00f3lida formaci\u00f3n universitaria y experiencia en consultor\u00eda personalizada, Juli se destaca por una comunicaci\u00f3n c\u00e1lida y cercana. Su propuesta es ideal para quienes<\/p>\n\t\t<\/div>\n\t\t\n\t\t<a class=\"elementor-post__read-more\" href=\"https:\/\/heybez.com.ar\/recetas\/index.php\/2025\/09\/25\/julieta-busca-julietabuscanutricion\/\" aria-label=\"Read more about Julieta Busca &#8211;\u00a0 JulietaBuscaNutricion\" tabindex=\"-1\" >\n\t\t\tRead More \u00bb\t\t<\/a>\n\n\t\t\t\t<\/div>\n\t\t\t\t<div class=\"elementor-post__meta-data\">\n\t\t\t\t\t<span class=\"elementor-post-date\">\n\t\t\t25 septiembre, 2025\t\t<\/span>\n\t\t\t\t<span class=\"elementor-post-avatar\">\n\t\t\tNo hay comentarios\t\t<\/span>\n\t\t\t\t<\/div>\n\t\t\t\t\t<\/div>\n\t\t<\/article>\n\t\t\t\t<article class=\"elementor-post elementor-grid-item post-1607 post type-post status-publish format-standard has-post-thumbnail hentry category-influbezers category-lefran\" role=\"listitem\">\n\t\t\t<div class=\"elementor-post__card\">\n\t\t\t\t<a class=\"elementor-post__thumbnail__link\" href=\"https:\/\/heybez.com.ar\/recetas\/index.php\/2025\/09\/18\/fran-orlandini-le-fran\/\" tabindex=\"-1\" ><div class=\"elementor-post__thumbnail\"><img decoding=\"async\" width=\"300\" height=\"200\" src=\"https:\/\/heybez.com.ar\/recetas\/wp-content\/uploads\/2025\/09\/portadas-blog-influs_lefran-300x200.png\" class=\"attachment-medium size-medium wp-image-1608\" alt=\"\" srcset=\"https:\/\/heybez.com.ar\/recetas\/wp-content\/uploads\/2025\/09\/portadas-blog-influs_lefran-300x200.png 300w, https:\/\/heybez.com.ar\/recetas\/wp-content\/uploads\/2025\/09\/portadas-blog-influs_lefran.png 600w\" sizes=\"(max-width: 300px) 100vw, 300px\" \/><\/div><\/a>\n\t\t\t\t<div class=\"elementor-post__badge\">Influbezers<\/div>\n\t\t\t\t<div class=\"elementor-post__avatar\">\n\t\t\t<img alt='Heybez' src='https:\/\/secure.gravatar.com\/avatar\/ef98ee43d9cabcd17a6f383fe4fcb495f441162049144205e8b3ebd45693cde8?s=128&#038;d=mm&#038;r=g' srcset='https:\/\/secure.gravatar.com\/avatar\/ef98ee43d9cabcd17a6f383fe4fcb495f441162049144205e8b3ebd45693cde8?s=256&#038;d=mm&#038;r=g 2x' class='avatar avatar-128 photo' height='128' width='128' \/>\t\t<\/div>\n\t\t\t\t<div class=\"elementor-post__text\">\n\t\t\t\t<h3 class=\"elementor-post__title\">\n\t\t\t<a href=\"https:\/\/heybez.com.ar\/recetas\/index.php\/2025\/09\/18\/fran-orlandini-le-fran\/\" >\n\t\t\t\tFran Orlandini &#8211; Le.Fr\u00e1n\t\t\t<\/a>\n\t\t<\/h3>\n\t\t\t\t<div class=\"elementor-post__excerpt\">\n\t\t\t<p>En su cuenta @le.fran, Fran combina ilustraci\u00f3n, dise\u00f1o digital y creatividad en cada publicaci\u00f3n. Comparte tanto el detr\u00e1s de escena de su proceso art\u00edstico \u2014bocetos,<\/p>\n\t\t<\/div>\n\t\t\n\t\t<a class=\"elementor-post__read-more\" href=\"https:\/\/heybez.com.ar\/recetas\/index.php\/2025\/09\/18\/fran-orlandini-le-fran\/\" aria-label=\"Read more about Fran Orlandini &#8211; Le.Fr\u00e1n\" tabindex=\"-1\" >\n\t\t\tRead More \u00bb\t\t<\/a>\n\n\t\t\t\t<\/div>\n\t\t\t\t<div class=\"elementor-post__meta-data\">\n\t\t\t\t\t<span class=\"elementor-post-date\">\n\t\t\t18 septiembre, 2025\t\t<\/span>\n\t\t\t\t<span class=\"elementor-post-avatar\">\n\t\t\tNo hay comentarios\t\t<\/span>\n\t\t\t\t<\/div>\n\t\t\t\t\t<\/div>\n\t\t<\/article>\n\t\t\t\t<article class=\"elementor-post elementor-grid-item post-1591 post type-post status-publish format-standard has-post-thumbnail hentry category-influbezers category-metalwarrior\" role=\"listitem\">\n\t\t\t<div class=\"elementor-post__card\">\n\t\t\t\t<a class=\"elementor-post__thumbnail__link\" href=\"https:\/\/heybez.com.ar\/recetas\/index.php\/2025\/09\/18\/metalwarrior-metalwarriorgames\/\" tabindex=\"-1\" ><div class=\"elementor-post__thumbnail\"><img loading=\"lazy\" decoding=\"async\" width=\"300\" height=\"200\" src=\"https:\/\/heybez.com.ar\/recetas\/wp-content\/uploads\/2025\/09\/portadas-blog-influs_metal-300x200.png\" class=\"attachment-medium size-medium wp-image-1592\" alt=\"\" srcset=\"https:\/\/heybez.com.ar\/recetas\/wp-content\/uploads\/2025\/09\/portadas-blog-influs_metal-300x200.png 300w, https:\/\/heybez.com.ar\/recetas\/wp-content\/uploads\/2025\/09\/portadas-blog-influs_metal.png 600w\" sizes=\"(max-width: 300px) 100vw, 300px\" \/><\/div><\/a>\n\t\t\t\t<div class=\"elementor-post__badge\">Influbezers<\/div>\n\t\t\t\t<div class=\"elementor-post__avatar\">\n\t\t\t<img alt='Heybez' src='https:\/\/secure.gravatar.com\/avatar\/ef98ee43d9cabcd17a6f383fe4fcb495f441162049144205e8b3ebd45693cde8?s=128&#038;d=mm&#038;r=g' srcset='https:\/\/secure.gravatar.com\/avatar\/ef98ee43d9cabcd17a6f383fe4fcb495f441162049144205e8b3ebd45693cde8?s=256&#038;d=mm&#038;r=g 2x' class='avatar avatar-128 photo' height='128' width='128' \/>\t\t<\/div>\n\t\t\t\t<div class=\"elementor-post__text\">\n\t\t\t\t<h3 class=\"elementor-post__title\">\n\t\t\t<a href=\"https:\/\/heybez.com.ar\/recetas\/index.php\/2025\/09\/18\/metalwarrior-metalwarriorgames\/\" >\n\t\t\t\tMetalWarrior &#8211; metalwarriorgames\t\t\t<\/a>\n\t\t<\/h3>\n\t\t\t\t<div class=\"elementor-post__excerpt\">\n\t\t\t<p>Metal Warriors comparte un mix de contenidos que van desde el humor y los memes de gaming hasta gui\u00f1os bien argentinos, como los asados. Su<\/p>\n\t\t<\/div>\n\t\t\n\t\t<a class=\"elementor-post__read-more\" href=\"https:\/\/heybez.com.ar\/recetas\/index.php\/2025\/09\/18\/metalwarrior-metalwarriorgames\/\" aria-label=\"Read more about MetalWarrior &#8211; metalwarriorgames\" tabindex=\"-1\" >\n\t\t\tRead More \u00bb\t\t<\/a>\n\n\t\t\t\t<\/div>\n\t\t\t\t<div class=\"elementor-post__meta-data\">\n\t\t\t\t\t<span class=\"elementor-post-date\">\n\t\t\t18 septiembre, 2025\t\t<\/span>\n\t\t\t\t<span class=\"elementor-post-avatar\">\n\t\t\tNo hay comentarios\t\t<\/span>\n\t\t\t\t<\/div>\n\t\t\t\t\t<\/div>\n\t\t<\/article>\n\t\t\t\t<article class=\"elementor-post elementor-grid-item post-1584 post type-post status-publish format-standard has-post-thumbnail hentry category-influbezers category-lamanotecno\" role=\"listitem\">\n\t\t\t<div class=\"elementor-post__card\">\n\t\t\t\t<a class=\"elementor-post__thumbnail__link\" href=\"https:\/\/heybez.com.ar\/recetas\/index.php\/2025\/09\/04\/gonzalo-alarcon-la-mano-tecno\/\" tabindex=\"-1\" ><div class=\"elementor-post__thumbnail\"><img loading=\"lazy\" decoding=\"async\" width=\"300\" height=\"200\" src=\"https:\/\/heybez.com.ar\/recetas\/wp-content\/uploads\/2025\/09\/portadas-blog-influs_lamano-300x200.png\" class=\"attachment-medium size-medium wp-image-1585\" alt=\"\" srcset=\"https:\/\/heybez.com.ar\/recetas\/wp-content\/uploads\/2025\/09\/portadas-blog-influs_lamano-300x200.png 300w, https:\/\/heybez.com.ar\/recetas\/wp-content\/uploads\/2025\/09\/portadas-blog-influs_lamano.png 600w\" sizes=\"(max-width: 300px) 100vw, 300px\" \/><\/div><\/a>\n\t\t\t\t<div class=\"elementor-post__badge\">Influbezers<\/div>\n\t\t\t\t<div class=\"elementor-post__avatar\">\n\t\t\t<img alt='Heybez' src='https:\/\/secure.gravatar.com\/avatar\/ef98ee43d9cabcd17a6f383fe4fcb495f441162049144205e8b3ebd45693cde8?s=128&#038;d=mm&#038;r=g' srcset='https:\/\/secure.gravatar.com\/avatar\/ef98ee43d9cabcd17a6f383fe4fcb495f441162049144205e8b3ebd45693cde8?s=256&#038;d=mm&#038;r=g 2x' class='avatar avatar-128 photo' height='128' width='128' \/>\t\t<\/div>\n\t\t\t\t<div class=\"elementor-post__text\">\n\t\t\t\t<h3 class=\"elementor-post__title\">\n\t\t\t<a href=\"https:\/\/heybez.com.ar\/recetas\/index.php\/2025\/09\/04\/gonzalo-alarcon-la-mano-tecno\/\" >\n\t\t\t\tGonzalo Alarc\u00f3n &#8211; \u201cLa Mano Tecno\u201d\t\t\t<\/a>\n\t\t<\/h3>\n\t\t\t\t<div class=\"elementor-post__excerpt\">\n\t\t\t<p>Formado como Programador de Sistemas en la UNER, aunque sin completar su tesis, comenz\u00f3 su carrera trabajando como desarrollador de software. M\u00e1s tarde emprendi\u00f3 su<\/p>\n\t\t<\/div>\n\t\t\n\t\t<a class=\"elementor-post__read-more\" href=\"https:\/\/heybez.com.ar\/recetas\/index.php\/2025\/09\/04\/gonzalo-alarcon-la-mano-tecno\/\" aria-label=\"Read more about Gonzalo Alarc\u00f3n &#8211; \u201cLa Mano Tecno\u201d\" tabindex=\"-1\" >\n\t\t\tRead More \u00bb\t\t<\/a>\n\n\t\t\t\t<\/div>\n\t\t\t\t<div class=\"elementor-post__meta-data\">\n\t\t\t\t\t<span class=\"elementor-post-date\">\n\t\t\t4 septiembre, 2025\t\t<\/span>\n\t\t\t\t<span class=\"elementor-post-avatar\">\n\t\t\tNo hay comentarios\t\t<\/span>\n\t\t\t\t<\/div>\n\t\t\t\t\t<\/div>\n\t\t<\/article>\n\t\t\t\t<article class=\"elementor-post elementor-grid-item post-1574 post type-post status-publish format-standard has-post-thumbnail hentry category-energiarutera category-influbezers\" role=\"listitem\">\n\t\t\t<div class=\"elementor-post__card\">\n\t\t\t\t<a class=\"elementor-post__thumbnail__link\" href=\"https:\/\/heybez.com.ar\/recetas\/index.php\/2025\/09\/04\/anita-gonzalez-energia-rutera\/\" tabindex=\"-1\" ><div class=\"elementor-post__thumbnail\"><img loading=\"lazy\" decoding=\"async\" width=\"300\" height=\"200\" src=\"https:\/\/heybez.com.ar\/recetas\/wp-content\/uploads\/2025\/09\/portadas-blog-influs_anita-300x200.png\" class=\"attachment-medium size-medium wp-image-1575\" alt=\"\" srcset=\"https:\/\/heybez.com.ar\/recetas\/wp-content\/uploads\/2025\/09\/portadas-blog-influs_anita-300x200.png 300w, https:\/\/heybez.com.ar\/recetas\/wp-content\/uploads\/2025\/09\/portadas-blog-influs_anita.png 600w\" sizes=\"(max-width: 300px) 100vw, 300px\" \/><\/div><\/a>\n\t\t\t\t<div class=\"elementor-post__badge\">energiarutera<\/div>\n\t\t\t\t<div class=\"elementor-post__avatar\">\n\t\t\t<img alt='Heybez' src='https:\/\/secure.gravatar.com\/avatar\/ef98ee43d9cabcd17a6f383fe4fcb495f441162049144205e8b3ebd45693cde8?s=128&#038;d=mm&#038;r=g' srcset='https:\/\/secure.gravatar.com\/avatar\/ef98ee43d9cabcd17a6f383fe4fcb495f441162049144205e8b3ebd45693cde8?s=256&#038;d=mm&#038;r=g 2x' class='avatar avatar-128 photo' height='128' width='128' \/>\t\t<\/div>\n\t\t\t\t<div class=\"elementor-post__text\">\n\t\t\t\t<h3 class=\"elementor-post__title\">\n\t\t\t<a href=\"https:\/\/heybez.com.ar\/recetas\/index.php\/2025\/09\/04\/anita-gonzalez-energia-rutera\/\" >\n\t\t\t\tAnita Gonz\u00e1lez &#8211; Energ\u00eda\u202fRutera\t\t\t<\/a>\n\t\t<\/h3>\n\t\t\t\t<div class=\"elementor-post__excerpt\">\n\t\t\t<p>Anita es comunicadora y viajera. Junto a su compa\u00f1ero Gasti, comparte en @energiarutera rese\u00f1as de lugares, experiencias gastron\u00f3micas y estilo de vida, logrando conectar con<\/p>\n\t\t<\/div>\n\t\t\n\t\t<a class=\"elementor-post__read-more\" href=\"https:\/\/heybez.com.ar\/recetas\/index.php\/2025\/09\/04\/anita-gonzalez-energia-rutera\/\" aria-label=\"Read more about Anita Gonz\u00e1lez &#8211; Energ\u00eda\u202fRutera\" tabindex=\"-1\" >\n\t\t\tRead More \u00bb\t\t<\/a>\n\n\t\t\t\t<\/div>\n\t\t\t\t<div class=\"elementor-post__meta-data\">\n\t\t\t\t\t<span class=\"elementor-post-date\">\n\t\t\t4 septiembre, 2025\t\t<\/span>\n\t\t\t\t<span class=\"elementor-post-avatar\">\n\t\t\tNo hay comentarios\t\t<\/span>\n\t\t\t\t<\/div>\n\t\t\t\t\t<\/div>\n\t\t<\/article>\n\t\t\t\t<\/div>\n\t\t\n\t\t\t\t\t\t<\/div>\n\t\t\t\t<\/div>\n\t\t\t\t\t<\/div>\n\t\t\t\t<\/div>\n\t\t\t\t<\/div>\n\t\t","protected":false},"excerpt":{"rendered":"<p>Blog<\/p>\n","protected":false},"author":2,"featured_media":0,"parent":0,"menu_order":0,"comment_status":"closed","ping_status":"closed","template":"elementor_header_footer","meta":{"wprm-recipe-roundup-name":"","wprm-recipe-roundup-description":"","wpupg_custom_link":[],"wpupg_custom_link_behaviour":[],"wpupg_custom_link_nofollow":[],"wpupg_custom_image":[],"wpupg_custom_image_id":[],"footnotes":""},"class_list":["post-938","page","type-page","status-publish","hentry"],"_links":{"self":[{"href":"https:\/\/heybez.com.ar\/recetas\/index.php\/wp-json\/wp\/v2\/pages\/938","targetHints":{"allow":["GET"]}}],"collection":[{"href":"https:\/\/heybez.com.ar\/recetas\/index.php\/wp-json\/wp\/v2\/pages"}],"about":[{"href":"https:\/\/heybez.com.ar\/recetas\/index.php\/wp-json\/wp\/v2\/types\/page"}],"author":[{"embeddable":true,"href":"https:\/\/heybez.com.ar\/recetas\/index.php\/wp-json\/wp\/v2\/users\/2"}],"replies":[{"embeddable":true,"href":"https:\/\/heybez.com.ar\/recetas\/index.php\/wp-json\/wp\/v2\/comments?post=938"}],"version-history":[{"count":7,"href":"https:\/\/heybez.com.ar\/recetas\/index.php\/wp-json\/wp\/v2\/pages\/938\/revisions"}],"predecessor-version":[{"id":945,"href":"https:\/\/heybez.com.ar\/recetas\/index.php\/wp-json\/wp\/v2\/pages\/938\/revisions\/945"}],"wp:attachment":[{"href":"https:\/\/heybez.com.ar\/recetas\/index.php\/wp-json\/wp\/v2\/media?parent=938"}],"curies":[{"name":"wp","href":"https:\/\/api.w.org\/{rel}","templated":true}]}}